{"id":59,"date":"2020-06-06T19:33:53","date_gmt":"2020-06-06T12:33:53","guid":{"rendered":"http:\/\/anhminhgifts.vn\/?page_id=59"},"modified":"2020-06-17T17:06:04","modified_gmt":"2020-06-17T10:06:04","slug":"ve-chung-toi","status":"publish","type":"page","link":"https:\/\/anhminhgifts.vn\/?page_id=59","title":{"rendered":"V\u1ec0 CH\u00daNG T\u00d4I"},"content":{"rendered":"<p>[et_pb_section fb_built=&#8221;1&#8243; _builder_version=&#8221;4.4.7&#8243;][et_pb_row _builder_version=&#8221;4.4.7&#8243;][et_pb_column type=&#8221;4_4&#8243; _builder_version=&#8221;4.4.7&#8243;][et_pb_image src=&#8221;http:\/\/anhminhgifts.vn\/wp-content\/uploads\/2020\/06\/mission-vision-scaled.jpg&#8221; alt=&#8221;mission vision&#8221; title_text=&#8221;mission vision&#8221; _builder_version=&#8221;4.4.7&#8243; custom_margin=&#8221;||29px|||&#8221;][\/et_pb_image][et_pb_text _builder_version=&#8221;4.4.7&#8243; min_height=&#8221;624px&#8221; custom_padding=&#8221;1px||4px|||&#8221; inline_fonts=&#8221;Alegreya SC,Aclonica&#8221;]<\/p>\n<div><\/div>\n<div><\/div>\n<div><span><strong><\/strong><\/span><\/div>\n<div><span><strong><\/strong><\/span><\/div>\n<div><span><strong><\/strong><\/span><\/div>\n<div><span><strong><\/strong><\/span><\/div>\n<div><span><strong><\/strong><\/span><\/div>\n<div><span><strong><\/strong><\/span><\/div>\n<div><span><strong><\/strong><\/span><\/div>\n<div><span><strong><\/strong><\/span><\/div>\n<div><span><strong><\/strong><\/span><\/div>\n<div><span><strong><\/strong><\/span><\/div>\n<blockquote>\n<h2 style=\"padding-left: 30px; text-align: center;\"><span style=\"font-family: 'Alegreya SC'; font-weight: normal; color: #6d6d6d;\"><strong><em>&#8221; T\u1ea5t c\u1ea3 cho kh\u00e1ch h\u00e0ng, kh\u00e1ch h\u00e0ng cho t\u1ea5t c\u1ea3&#8221;<\/em><\/strong><\/span><\/h2>\n<\/blockquote>\n<div><span>\u00a0<strong>L\u1ecaCH S\u1eec H\u00ccNH TH\u00c0NH<\/strong><\/span><\/div>\n<div><span><em><strong><\/strong><\/em><\/span><\/div>\n<div><span><em><strong><\/strong><\/em><\/span><\/div>\n<div><span>C\u00f4ng ty Qu\u00e0 T\u1eb7ng \u00c1nh Minh \u0111\u01b0\u1ee3c th\u00e0nh l\u1eadp theo gi\u1ea5y CN \u0110KKD s\u1ed1 0316116272 do S\u1edf k\u1ebf ho\u1ea1ch v\u00e0 \u0111\u1ea7u t\u01b0 Th\u00e0nh ph\u1ed1 H\u1ed3 Ch\u00ed Minh UBND Th\u00e0nh Ph\u1ed1 H\u1ed3 Ch\u00ed Minh c\u1ea5p ng\u00e0y 15\/01\/2020 v\u1edbi v\u1ed1n \u0111i\u1ec1u l\u1ec7 l\u00e0 5 t\u1ef7 v\u00e0 ho\u1ea1t \u0111\u1ed9ng trong l\u0129nh v\u1ef1c kinh doanh sau:<\/span><\/div>\n<div><span>\u00a0<\/span><\/div>\n<ul>\n<li><span>THI\u1ebeT K\u1ebe V\u00c0 CUNG C\u1ea4P C\u00c1C S\u1ea2N PH\u1ea8M QU\u00c0 T\u1eb6NG S\u1ef0 KI\u1ec6N<\/span><\/li>\n<li><span>THI\u1ebeT K\u1ebe V\u00c0 CUNG C\u1ea4P C\u00c1C S\u1ea2N PH\u1ea8M QU\u00c0 T\u1eb6NG CH\u0102M S\u00d3C KH\u00c1CH H\u00c0NG<\/span><\/li>\n<li><span>THI\u1ebeT K\u1ebe V\u00c0 CUNG C\u1ea4P C\u00c1C S\u1ea2N PH\u1ea8M QU\u00c0 T\u1eb6NG QU\u1ea2NG B\u00c1 TH\u01af\u01a0NG HI\u1ec6U<\/span><\/li>\n<li>V\u00c0 CUNG C\u1ea4P C\u00c1C LO\u1ea0I QU\u00c0 T\u1eb6NG THEO Y\u00caU C\u1ea6U C\u1ee6A KH\u00c1CH H\u00c0NG\u00a0<\/li>\n<\/ul>\n<div><span>M\u1ee5c ti\u00eau h\u00e0ng \u0111\u1ea7u c\u1ee7a C\u00f4ng ty Qu\u00e0 T\u1eb7ng \u00c1nh Minh l\u00e0 mang \u0111\u1ebfn s\u1ef1 h\u00e0i l\u00f2ng cho Qu\u00fd kh\u00e1ch h\u00e0ng b\u1eb1ng nh\u1eefng g\u00f3i s\u1ea3n ph\u1ea9m t\u1ed1t nh\u1ea5t, gi\u00e1 th\u00e0nh t\u1ed1t nh\u1ea5t v\u00e0 d\u1ecbch v\u1ee5 chuy\u00ean nghi\u1ec7p nh\u1ea5t. Ch\u00fang t\u00f4i li\u00ean t\u1ee5c \u0111\u01b0a ra th\u1ecb tr\u01b0\u1eddng nh\u1eefng s\u1ea3n ph\u1ea9m phong ph\u00fa \u0111a d\u1ea1ng v\u1ec1 m\u1eabu m\u00e3, \u0111\u1ea3m b\u1ea3o an to\u00e0n v\u1ec1 ch\u1ea5t l\u01b0\u1ee3ng, \u0111\u00e1p \u1ee9ng nhu c\u1ea7u c\u1ee7a th\u1ecb tr\u01b0\u1eddng theo ph\u01b0\u01a1ng ch\u00e2m \u201c Ch\u00fang t\u00f4i cam k\u1ebft s\u1ebd mang \u0111\u1ebfn cho Qu\u00fd kh\u00e1ch h\u00e0ng nh\u1eefng s\u1ea3n ph\u1ea9m uy t\u00edn ch\u1ea5t l\u01b0\u1ee3ng, mang t\u00ednh m\u1ef9 thu\u1eadt cao \u0111\u1ec3 th\u1ec3 hi\u1ec7n n\u00e9t \u0111\u1eb7c tr\u01b0ng cho t\u1eebng \u0111\u01a1n v\u1ecb&#8221;<\/span><\/div>\n<div><span><\/span><\/div>\n<p><span><strong><\/strong><\/span><\/p>\n<p><span><strong>N\u0102NG L\u1ef0C C\u00d4NG TY: <span style=\"font-family: inherit; font-weight: normal;\">&#8216;<\/span><\/strong><\/span><span style=\"font-family: inherit; font-size: 14px; font-weight: normal;\"><strong>&#8216;N\u0103ng l\u1ef1c \u0111\u01b0\u1ee3c ch\u1ee9ng minh b\u1eb1ng h\u00e0nh \u0111\u1ed9ng&#8221;<\/strong><\/span><\/p>\n<p><strong style=\"font-size: 14px;\"><\/strong><\/p>\n<div><span>V\u1edbi n\u0103ng l\u1ef1c, kinh nghi\u1ec7m, \u0111\u1ed9i ng\u0169 c\u00e1n b\u1ed9 nh\u00e2n vi\u00ean Qu\u00e0 T\u1eb7ng \u00c1nh Minh \u0111\u00e3 \u0111\u1ea1t \u0111\u01b0\u1ee3c nh\u1eefng th\u00e0nh t\u00edch l\u00e0: \u0110\u01a1n v\u1ecb thi\u1ebft k\u1ebf, cung c\u1ea5p s\u1ea3n ph\u1ea9m &amp; d\u1ecbch v\u1ee5 cho c\u00e1c chu\u1ed7i ph\u00e2n ph\u1ed1i l\u1edbn nh\u01b0 Honda, Yamaha, Phano, Th\u1ef1c Ph\u1ea9m \u00c1 Ch\u00e2u&#8230;<\/span><\/div>\n<div><span>\u00a0<\/span><\/div>\n<div><span><strong>T\u1ea6M NH\u00ccN &#8211; S\u1ee8 M\u1ec6NH<\/strong><\/span><\/div>\n<div><span>\u00a0<\/span><\/div>\n<div><span><strong>Gi\u00e1 tr\u1ecb c\u1ed1t l\u00f5i:<\/strong><\/span><\/div>\n<div><span>S\u00e1ng t\u1ea1o \u2013 \u0110\u1ed9c \u0111\u00e1o \u2013 Ch\u00ednh x\u00e1c. S\u1ee9 m\u1ec7nh to l\u1edbn: \u201cV\u1edbi t\u1ea5t c\u1ea3 s\u1ef1 k\u00ednh tr\u1ecdng c\u1ee7a m\u00ecnh \u00c1nh Minh cam k\u1ebft cung c\u1ea5p t\u1edbi Qu\u00fd kh\u00e1ch h\u00e0ng nh\u1eefng s\u1ea3n ph\u1ea3m v\u00e0 d\u1ecbch v\u1ee5 t\u1ed1t nh\u1ea5t\u201d<\/span><\/div>\n<div>\n<p><span>T\u01b0\u01a1ng lai h\u01b0\u1edbng \u0111\u1ebfn: Tr\u1edf th\u00e0nh nh\u00e0 cung c\u1ea5p h\u00e0ng h\u00f3a, d\u1ecbch v\u1ee5 ch\u0103m s\u00f3c kh\u00e1ch h\u00e0ng chuy\u00ean nghi\u1ec7p s\u1ed1 m\u1ed9t t\u1ea1i Vi\u1ec7t Nam v\u00e0 c\u00f3 uy t\u00edn tr\u00ean th\u1ecb tr\u01b0\u1eddng Qu\u1ed1c t\u1ebf.<\/span><\/p>\n<p>&nbsp;<\/p>\n<\/div>\n<div style=\"text-align: center;\"><\/div>\n<p>[\/et_pb_text][\/et_pb_column][\/et_pb_row][et_pb_row _builder_version=&#8221;4.4.7&#8243;][et_pb_column type=&#8221;4_4&#8243; _builder_version=&#8221;4.4.7&#8243;][\/et_pb_column][\/et_pb_row][\/et_pb_section]<\/p>\n","protected":false},"excerpt":{"rendered":"<p>[et_pb_section fb_built=&#8221;1&#8243; _builder_version=&#8221;4.4.7&#8243;][et_pb_row _builder_version=&#8221;4.4.7&#8243;][et_pb_column type=&#8221;4_4&#8243; _builder_version=&#8221;4.4.7&#8243;][et_pb_image src=&#8221;http:\/\/anhminhgifts.vn\/wp-content\/uploads\/2020\/06\/mission-vision-scaled.jpg&#8221; alt=&#8221;mission vision&#8221; title_text=&#8221;mission vision&#8221; _builder_version=&#8221;4.4.7&#8243; custom_margin=&#8221;||29px|||&#8221;][\/et_pb_image][et_pb_text _builder_version=&#8221;4.4.7&#8243; min_height=&#8221;624px&#8221; custom_padding=&#8221;1px||4px|||&#8221; inline_fonts=&#8221;Alegreya SC,Aclonica&#8221;] &#8221; T\u1ea5t c\u1ea3 cho kh\u00e1ch h\u00e0ng, kh\u00e1ch h\u00e0ng cho t\u1ea5t c\u1ea3&#8221; \u00a0L\u1ecaCH S\u1eec H\u00ccNH TH\u00c0NH C\u00f4ng ty Qu\u00e0 T\u1eb7ng \u00c1nh Minh \u0111\u01b0\u1ee3c th\u00e0nh l\u1eadp theo gi\u1ea5y CN \u0110KKD s\u1ed1 0316116272 do S\u1edf k\u1ebf ho\u1ea1ch v\u00e0 \u0111\u1ea7u t\u01b0 [&hellip;]<\/p>\n","protected":false},"author":1,"featured_media":0,"parent":0,"menu_order":0,"comment_status":"closed","ping_status":"closed","template":"","meta":{"_et_pb_use_builder":"on","_et_pb_old_content":"","_et_gb_content_width":""},"_links":{"self":[{"href":"https:\/\/anhminhgifts.vn\/index.php?rest_route=\/wp\/v2\/pages\/59"}],"collection":[{"href":"https:\/\/anhminhgifts.vn\/index.php?rest_route=\/wp\/v2\/pages"}],"about":[{"href":"https:\/\/anhminhgifts.vn\/index.php?rest_route=\/wp\/v2\/types\/page"}],"author":[{"embeddable":true,"href":"https:\/\/anhminhgifts.vn\/index.php?rest_route=\/wp\/v2\/users\/1"}],"replies":[{"embeddable":true,"href":"https:\/\/anhminhgifts.vn\/index.php?rest_route=%2Fwp%2Fv2%2Fcomments&post=59"}],"version-history":[{"count":6,"href":"https:\/\/anhminhgifts.vn\/index.php?rest_route=\/wp\/v2\/pages\/59\/revisions"}],"predecessor-version":[{"id":501,"href":"https:\/\/anhminhgifts.vn\/index.php?rest_route=\/wp\/v2\/pages\/59\/revisions\/501"}],"wp:attachment":[{"href":"https:\/\/anhminhgifts.vn\/index.php?rest_route=%2Fwp%2Fv2%2Fmedia&parent=59"}],"curies":[{"name":"wp","href":"https:\/\/api.w.org\/{rel}","templated":true}]}}