{"id":61,"date":"2020-06-06T19:56:19","date_gmt":"2020-06-06T12:56:19","guid":{"rendered":"http:\/\/anhminhgifts.vn\/?page_id=61"},"modified":"2020-06-15T18:38:17","modified_gmt":"2020-06-15T11:38:17","slug":"tuyen-dung","status":"publish","type":"page","link":"https:\/\/anhminhgifts.vn\/?page_id=61","title":{"rendered":"TUY\u1ec2N D\u1ee4NG"},"content":{"rendered":"<p>[et_pb_section fb_built=&#8221;1&#8243; _builder_version=&#8221;3.22&#8243;][et_pb_row _builder_version=&#8221;4.4.7&#8243; background_size=&#8221;initial&#8221; background_position=&#8221;top_left&#8221; background_repeat=&#8221;repeat&#8221;][et_pb_column type=&#8221;4_4&#8243; _builder_version=&#8221;3.25&#8243; custom_padding=&#8221;|||&#8221; custom_padding__hover=&#8221;|||&#8221;][et_pb_image src=&#8221;http:\/\/anhminhgifts.vn\/wp-content\/uploads\/2020\/06\/WE-ARE-HIRING-1.png&#8221; title_text=&#8221;WE ARE HIRING 1&#8243; force_fullwidth=&#8221;on&#8221; _builder_version=&#8221;4.4.7&#8243;][\/et_pb_image][et_pb_text _builder_version=&#8221;4.4.7&#8243; background_size=&#8221;initial&#8221; background_position=&#8221;top_left&#8221; background_repeat=&#8221;repeat&#8221; hover_enabled=&#8221;0&#8243; inline_fonts=&#8221;ABeeZee&#8221;]<\/p>\n<p><span style=\"font-family: inherit;\"><!-- divi:heading {\"level\":5} --> <\/span><\/p>\n<p><span style=\"font-family: inherit; font-weight: normal;\">Ng\u00e0y nay, ch\u00fang ta d\u1ec5 nh\u1eadn th\u1ea5y r\u1eb1ng nh\u1eefng s\u1ea3n ph\u1ea9m qu\u00e0 t\u1eb7ng l\u00e0 c\u01a1 h\u1ed9i \u0111\u1ec3 Kh\u00e1ch h\u00e0ng thi\u1ebft l\u1eadp, duy tr\u00ec v\u00e0 m\u1edf r\u1ed9ng c\u00e1c m\u1ed1i quan h\u1ec7. V\u00ec v\u1eady, v\u1edbi m\u1ed9t m\u00f3n qu\u00e0 k\u1ec9 ni\u1ec7m mang \u0111\u1eadm d\u1ea5u \u1ea5n ri\u00eang th\u00ec \u0111\u00f3 ch\u00ednh l\u00e0 h\u00ecnh th\u1ee9c truy\u1ec1n b\u00e1, qu\u1ea3ng c\u00e1o h\u00ecnh \u1ea3nh t\u1ed1t &amp; hi\u1ec7u qu\u1ea3 nh\u1ea5t \u0111\u1ebfn v\u1edbi kh\u00e1ch h\u00e0ng, \u0111\u1ed1i t\u00e1c.<\/span><\/p>\n<h5><span style=\"font-family: inherit; font-weight: normal;\"><strong>C\u00f4ng ty Qu\u00e0 t\u1eb7ng \u00c1nh Minh chuy\u00ean thi\u1ebft k\u1ebf, s\u1ea3n xu\u1ea5t, cung c\u1ea5p c\u00e1c s\u1ea3n ph\u1ea9m Qu\u00e0 t\u1eb7ng qu\u1ea3ng c\u00e1o, qu\u00e0 t\u1eb7ng giao l\u01b0u, \u0111\u1ed1i ngo\u1ea1i, Qu\u00e0 t\u1eb7ng khuy\u1ebfn m\u00e3i\u2026<\/strong><\/span><\/h5>\n<p><span style=\"font-family: inherit; font-weight: normal;\"> <!-- \/divi:heading --> <!-- divi:paragraph --> <\/span><span style=\"font-family: inherit; font-weight: normal;\">Do nhu c\u1ea7u m\u1edf r\u1ed9ng v\u00e0 ph\u00e1t tri\u1ec3n c\u00f4ng ty, Qu\u00e0 T\u1eb7ng \u00c1nh Minh c\u1ea7n tuy\u1ec3n d\u1ee5ng v\u1ecb tr\u00ed nh\u01b0 sau:<\/span><br \/> <span style=\"font-family: inherit; font-weight: normal;\">V\u1ecb tr\u00ed:\u00a0Nh\u00e2n Vi\u00ean Kinh Doanh<\/span><br \/> <span style=\"font-family: inherit; font-weight: normal;\">S\u1ed1 l\u01b0\u1ee3ng: 4 ng\u01b0\u1eddi.<\/span><\/p>\n<p><span style=\"font-family: inherit; font-weight: normal;\"> <!-- \/divi:paragraph --> <!-- divi:heading {\"level\":4} --> <\/span><\/p>\n<h4><span style=\"font-family: inherit; font-weight: normal;\">M\u00d4 T\u1ea2 C\u00d4NG VI\u1ec6C<\/span><\/h4>\n<p><span style=\"font-family: inherit; font-weight: normal;\"> <!-- \/divi:heading --> <!-- divi:list {\"ordered\":true} --> <\/span><\/p>\n<ol>\n<li><span style=\"font-family: inherit; font-weight: normal;\">B\u00e1o gi\u00e1 s\u1ea3n ph\u1ea9m qu\u00e0 t\u1eb7ng cho Kinh Doanh.<\/span><\/li>\n<li><span style=\"font-family: inherit; font-weight: normal;\">Thu th\u1eadp th\u00f4ng tin v\u1ec1 xu h\u01b0\u1edbng gi\u00e1 c\u1ea3, ch\u1ea5t l\u01b0\u1ee3ng, m\u1eabu m\u00e3 s\u1ea3n ph\u1ea9m, so s\u00e1nh nh\u00e0 cung c\u1ea5p \u0111\u1ec1 xu\u1ea5t ph\u01b0\u01a1ng \u00e1n hi\u1ec7u qu\u1ea3.<\/span><\/li>\n<li><span style=\"font-family: inherit; font-weight: normal;\">\u0110\u1eb7t h\u00e0ng, v\u00e0 theo d\u00f5i \u0111\u01a1n h\u00e0ng giao \u0111\u00fang y\u00eau c\u1ea7u v\u1ec1 th\u1eddi gian, s\u1ed1 l\u01b0\u1ee3ng c\u0169ng nh\u01b0 ch\u1ea5t l\u01b0\u1ee3ng h\u00e0ng h\u00f3a.<\/span><\/li>\n<li><span style=\"font-family: inherit; font-weight: normal;\">X\u1eed l\u00fd t\u1ed1t c\u00e1c v\u1ea5n \u0111\u1ec1 x\u1ea3y ra v\u1edbi \u0111\u01a1n h\u00e0ng.<\/span><\/li>\n<li><span style=\"font-family: inherit; font-weight: normal;\">Thu th\u1eadp h\u00f3a \u0111\u01a1n, ch\u1ee9ng t\u1eeb (bi\u00ean b\u1ea3n b\u00e0n giao, nh\u1eadp kho, ch\u1ee9ng ch\u1ec9 xu\u1ea5t x\u1ee9, ch\u1ea5t l\u01b0\u1ee3ng, b\u1ea3o h\u00e0nh\u2026) c\u1ee7a c\u00e1c lo\u1ea1i v\u1eadt t\u01b0, thi\u1ebft b\u1ecb \u0111\u01b0\u1ee3c duy\u1ec7t mua.<\/span><\/li>\n<li><span style=\"font-family: inherit; font-weight: normal;\">Theo d\u00f5i v\u00e0 l\u1eadp \u0111\u1ec1 xu\u1ea5t thanh to\u00e1n c\u00e1c lo\u1ea1i v\u1eadt t\u01b0, thi\u1ebft b\u1ecb \u0111\u00e3 duy\u1ec7t mua, \u0111\u1ea3m b\u1ea3o thanh to\u00e1n \u0111\u00fang h\u1ea1n cho nh\u00e0 cung c\u1ea5p.<\/span><\/li>\n<li><span style=\"font-family: inherit; font-weight: normal;\">Th\u1ef1c hi\u1ec7n c\u00e1c b\u00e1o c\u00e1o theo y\u00eau c\u1ea7u t\u1eeb c\u1ea5p tr\u00ean.<\/span><\/li>\n<li><span style=\"font-family: inherit; font-weight: normal;\">C\u00e1c c\u00f4ng vi\u1ec7c li\u00ean quan kh\u00e1c.<\/span><\/li>\n<\/ol>\n<p><span style=\"font-family: inherit; font-weight: normal;\"> <!-- \/divi:list --> <!-- divi:heading {\"level\":4} --> <\/span><\/p>\n<h4><span style=\"font-family: inherit; font-weight: normal;\">QUY\u1ec0N L\u1ee2I \u0110\u01af\u1ee2C H\u01af\u1edeNG<\/span><\/h4>\n<p><span style=\"font-family: inherit; font-weight: normal;\"> <!-- \/divi:heading --> <!-- divi:paragraph --> <\/span><span style=\"font-family: inherit; font-weight: normal;\">\u2013 \u0110\u01b0\u1ee3c \u0111\u00e0o t\u1ea1o c\u00e1c k\u1ef9 n\u0103ng v\u00e0 ki\u1ebfn th\u1ee9c chuy\u00ean m\u00f4n v\u1ec1 s\u1ea3n ph\u1ea9m.<\/span><br \/> <span style=\"font-family: inherit; font-weight: normal;\">\u2013 L\u01b0\u01a1ng th\u1ecfa thu\u1eadn.<\/span><br \/> <span style=\"font-family: inherit; font-weight: normal;\">\u2013 \u0110\u01b0\u1ee3c th\u01b0\u1edfng theo doanh s\u1ed1.<\/span><br \/> <span style=\"font-family: inherit; font-weight: normal;\">\u2013 \u0110\u01b0\u1ee3c k\u00fd h\u1ee3p \u0111\u1ed3ng lao \u0111\u1ed9ng, \u0111\u00f3ng BHXH \u2013 BHYT \u2013 BHTN \u0111\u1ea7y \u0111\u1ee7 theo quy \u0111\u1ecbnh c\u1ee7a nh\u00e0 n\u01b0\u1edbc.<\/span><br \/> <span style=\"font-family: inherit; font-weight: normal;\">\u2013 C\u00e1c ch\u1ebf \u0111\u1ed9 \u0111\u00e3i ng\u1ed9 h\u1ea5p d\u1eabn kh\u00e1c, nhi\u1ec1u c\u01a1 h\u1ed9i th\u0103ng ti\u1ebfn.<\/span><\/p>\n<p><span style=\"font-family: inherit; font-weight: normal;\"> <!-- \/divi:paragraph --> <!-- divi:heading {\"level\":4} --> <\/span><\/p>\n<h4><span style=\"font-family: inherit; font-weight: normal;\">Y\u00caU C\u1ea6U C\u00d4NG VI\u1ec6C<\/span><\/h4>\n<p><span style=\"font-family: inherit; font-weight: normal;\"> <!-- \/divi:heading --> <!-- divi:paragraph --> <\/span><span style=\"font-family: inherit; font-weight: normal;\">\u2013 T\u1ed1t nghi\u1ec7p Cao \u0111\u1eb3ng tr\u1edf l\u00ean; chuy\u00ean ng\u00e0nh Kinh t\u1ebf, Qu\u1ea3n tr\u1ecb kinh doanh, T\u00e0i ch\u00ednh Ng\u00e2n h\u00e0ng, Marketing.<\/span><br \/> <span style=\"font-family: inherit; font-weight: normal;\">\u2013 Th\u00e0nh th\u1ea1o vi t\u00ednh.<\/span><br \/> <span style=\"font-family: inherit; font-weight: normal;\">\u2013 C\u00f3 c\u00e1c k\u1ef9 n\u0103ng: giao ti\u1ebfp t\u1ed1t; l\u00e0m vi\u1ec7c nh\u00f3m; \u0111\u00e0m ph\u00e1n.<\/span><br \/> <span style=\"font-family: inherit; font-weight: normal;\">\u2013 C\u00f3 kinh nghi\u1ec7m trong l\u0129nh v\u1ef1c t\u00ecm h\u00e0ng theo y\u00eau c\u1ea7u c\u00f4ng ty.<\/span><br \/> <span style=\"font-family: inherit; font-weight: normal;\">\u2013 \u01afu ti\u00ean \u1ee9ng vi\u00ean: C\u00f3 kinh nghi\u1ec7m kinh doanh s\u1ea3n ph\u1ea9m, d\u1ecbch v\u1ee5 trong l\u0129nh v\u1ef1c Qu\u00e0 t\u1eb7ng in logo c\u00f4ng ty\u00a0t\u1eeb 1 n\u0103m tr\u1edf l\u00ean; C\u00f3 kinh nghi\u1ec7m t\u1ed5 ch\u1ee9c, \u0111i\u1ec1u h\u00e0nh qu\u1ea3n l\u00fd h\u1ec7 th\u1ed1ng k\u00eanh ph\u00e2n ph\u1ed1i .<\/span><\/p>\n<p><span style=\"font-family: inherit; font-weight: normal;\"> <!-- \/divi:paragraph --> <!-- divi:heading {\"level\":4} --> <\/span><\/p>\n<h4><span style=\"font-family: inherit; font-weight: normal;\">Y\u00caU C\u1ea6U H\u1ed2 S\u01a0<\/span><\/h4>\n<p><span style=\"font-family: inherit; font-weight: normal;\"> <!-- \/divi:heading --> <!-- divi:paragraph --> <\/span><span style=\"font-family: inherit; font-weight: normal;\">\u2013 \u0110\u01a1n xin vi\u1ec7c \u2013 S\u01a1 y\u1ebfu l\u00ed l\u1ecbch.<\/span><br \/> <span style=\"font-family: inherit; font-weight: normal;\">\u2013 CV t\u00f3m t\u1eaft qu\u00e1 tr\u00ecnh h\u1ecdc t\u1eadp v\u00e0 l\u00e0m vi\u1ec7c.<\/span><br \/> <span style=\"font-family: inherit; font-weight: normal;\">\u2013 C\u00e1c b\u1eb1ng c\u1ea5p ch\u1ee9ng ch\u1ec9 c\u00f3 li\u00ean quan.<\/span><br \/> <span style=\"font-family: inherit; font-weight: normal;\">\u2013 Gi\u1ea5y ch\u1ee9ng minh th\u01b0 nh\u00e2n d\u00e2n.<\/span><br \/> <span style=\"font-family: inherit; font-weight: normal;\">\u2013 Gi\u1ea5y kh\u00e1m s\u1ee9c kho\u1ebb.<\/span><\/p>\n<p><span style=\"font-family: inherit; font-weight: normal;\"> <!-- \/divi:paragraph --> <!-- divi:paragraph --> <\/span><span style=\"font-family: inherit; font-weight: normal;\"><strong><em>H\u00ecnh th\u1ee9c, \u0111\u1ecba \u0111i\u1ec3m n\u1ed9p h\u1ed3 s\u01a1:<\/em><\/strong><\/span><br \/> <span style=\"font-family: inherit; font-weight: normal;\">a. H\u00ecnh th\u1ee9c: n\u1ed9p tr\u1ef1c ti\u1ebfp ho\u1eb7c qua emai, \u0111i\u1ec7n tho\u1ea1i.<\/span><br \/> <span style=\"font-family: inherit; font-weight: normal;\">b. Th\u00f4ng tin li\u00ean h\u1ec7:\u2013 \u0110\u1ecba ch\u1ec9: 448\/9 Ph\u1ea1m V\u0103n Chi\u00eau, Ph\u01b0\u1eddng 9, Qu\u1eadn G\u00f2 V\u1ea5pHo Chi Minh City, Vietnam<\/span><br \/> <span style=\"font-family: inherit; font-weight: normal;\">\u2013 S\u1ed1 \u0110T, ng\u01b0\u1eddi li\u00ean h\u1ec7: Ms \u00c1nh Tuy\u1ebft, \u202d0908288040\u202c<\/span><br \/> <span style=\"font-family: inherit; font-weight: normal;\">\u2013 Email: anhminhgifts@gmail.com<\/span><\/p>\n<p><span style=\"font-family: inherit; font-weight: normal;\"> <!-- \/divi:paragraph --> <!-- divi:heading {\"level\":4} --> <\/span><\/p>\n<h4><span style=\"font-family: inherit; font-weight: normal;\">H\u1ea0N N\u1ed8P H\u1ed2 S\u01a0<\/span><\/h4>\n<p><span style=\"font-family: inherit; font-weight: normal;\"> <!-- \/divi:heading --> <!-- divi:paragraph --> <\/span><span style=\"font-family: inherit; font-weight: normal;\">30-7-2020<\/span><\/p>\n<p><span style=\"font-family: inherit; font-weight: normal;\"> <!-- \/divi:paragraph --> <!-- divi:paragraph --> <\/span><span style=\"font-family: inherit; font-weight: normal;\"><strong>I\/ Th\u00f4ng tin chung:<\/strong><\/span><\/p>\n<p><span style=\"font-family: inherit; font-weight: normal;\"> <!-- \/divi:paragraph --> <!-- divi:table --> <\/span><\/p>\n<figure class=\"wp-block-table\">\n<table>\n<tbody>\n<tr>\n<td><span style=\"font-family: inherit; font-weight: normal;\"><strong>V\u1ecb tr\u00ed<\/strong><\/span><\/td>\n<td><span style=\"font-family: inherit; font-weight: normal;\">NV Kinh Doanh<\/span><\/td>\n<td><span style=\"font-family: inherit; font-weight: normal;\"><strong>TG l\u00e0m vi\u1ec7c<\/strong><\/span><\/td>\n<td><span style=\"font-family: inherit; font-weight: normal;\">Gi\u1edd H\u00e0nh Ch\u00e1nh, tr\u01b0a th\u1ee9 7 ngh\u1ec9<\/span><\/td>\n<\/tr>\n<tr>\n<td><span style=\"font-family: inherit; font-weight: normal;\"><strong>B\u1ed9 ph\u1eadn<\/strong><\/span><\/td>\n<td><span style=\"font-family: inherit; font-weight: normal;\">Kinh Doanh<\/span><\/td>\n<td><span style=\"font-family: inherit; font-weight: normal;\"><strong>Ch\u1ebf \u0111\u1ed9:<\/strong><\/span><\/td>\n<td><span style=\"font-family: inherit; font-weight: normal;\">M\u1ee9c l\u01b0\u01a1ng: L\u01b0\u01a1ng th\u1ecfa thu\u1eadn + Hoa h\u1ed3ng cao<\/span><\/td>\n<\/tr>\n<tr>\n<td><span style=\"font-family: inherit; font-weight: normal;\"><strong>Qu\u1ea3n l\u00fd tr\u1ef1c ti\u1ebfp<\/strong><\/span><\/td>\n<td><span style=\"font-family: inherit; font-weight: normal;\">Gi\u00e1m \u0110\u1ed1c<\/span><\/td>\n<td><span style=\"font-family: inherit; font-weight: normal;\"><strong>\u0110\u1ea1i ng\u1ed9 lao \u0111\u1ed9ng:<\/strong><\/span><\/td>\n<td><span style=\"font-family: inherit; font-weight: normal;\">\u0110\u00f3ng BHXH, BHYT, BHTN, du l\u1ecbch 1 n\u0103m 1 l\u1ea7n, 12 ng\u00e0y ph\u00e9p, L\u1ec5 T\u1ebft theo lu\u1eadt lao \u0111\u1ed9ng<\/span><\/td>\n<\/tr>\n<\/tbody>\n<\/table>\n<\/figure>\n<p><span style=\"font-family: inherit; font-weight: normal;\"> <!-- \/divi:table --> <!-- divi:paragraph --> <\/span><span style=\"font-family: inherit; font-weight: normal;\"><strong>II\/ M\u1ee5c \u0111\u00edch c\u00f4ng vi\u1ec7c<\/strong><\/span><\/p>\n<p><span style=\"font-family: inherit; font-weight: normal;\"> <!-- \/divi:paragraph --> <!-- divi:table --> <\/span><\/p>\n<figure class=\"wp-block-table\">\n<table>\n<tbody>\n<tr>\n<td><span style=\"font-family: inherit; font-weight: normal;\">Tr\u1ef1c ti\u1ebfp th\u1ef1c hi\u1ec7n ho\u1ea1t \u0111\u1ed9ng kinh doanh cho c\u00f4ng ty:<\/span><br \/> <span style=\"font-family: inherit; font-weight: normal;\">Ch\u0103m s\u00f3c KH c\u0169<\/span><br \/> <span style=\"font-family: inherit; font-weight: normal;\">T\u00ecm ki\u1ebfm KH m\u1edbi<\/span><br \/> <span style=\"font-family: inherit; font-weight: normal;\">Th\u1ef1c hi\u1ec7n c\u00e1c c\u00f4ng vi\u1ec7c xuy\u00ean su\u1ed1t qu\u00e1 tr\u00ecnh kinh doanh<\/span><br \/> <span style=\"font-family: inherit; font-weight: normal;\">T\u00ecm ki\u1ebfm s\u1ea3n ph\u1ea9m \u0111\u00e1p \u1ee9ng \u0111\u01b0\u1ee3c y\u00eau c\u1ea7u c\u1ee7a c\u00f4ng ty, li\u00ean h\u1ec7 b\u00e1o gi\u00e1 , t\u01b0 v\u1ea5n s\u1ea3n ph\u1ea9m ph\u00f9 h\u1ee3p, ch\u1ed1t gi\u00e1, k\u00fd h\u1ee3p \u0111\u1ed3ng, ,theo d\u00f5i \u0111\u01a1n h\u00e0ng\u2026<\/span><br \/> <span style=\"font-family: inherit; font-weight: normal;\">Ho\u00e0n th\u00e0nh c\u00f4ng vi\u1ec7c.<\/span><\/td>\n<\/tr>\n<\/tbody>\n<\/table>\n<\/figure>\n<p><span style=\"font-family: inherit; font-weight: normal;\"> <!-- \/divi:table --> <!-- divi:paragraph --> <\/span><span style=\"font-family: inherit; font-weight: normal;\"><strong><u>III<\/u>\/\u00a0<em>Ti\u00eau chu\u1ea9n<\/em>:<\/strong><\/span><\/p>\n<p><span style=\"font-family: inherit; font-weight: normal;\"> <!-- \/divi:paragraph --> <!-- divi:list {\"ordered\":true} --> <\/span><\/p>\n<ol>\n<li><span style=\"font-family: inherit; font-weight: normal;\">Tr\u00ecnh \u0111\u1ed9 Cao \u0111\u1eb3ng tr\u1edf l\u00ean chuy\u00ean ng\u00e0nh Qu\u1ea3n tr\u1ecb kinh doanh, Kinh t\u1ebf th\u01b0\u01a1ng m\u1ea1i, Marketing.<\/span><\/li>\n<li><span style=\"font-family: inherit; font-weight: normal;\">S\u1eed d\u1ee5ng th\u00e0nh th\u1ea1o vi t\u00ednh v\u0103n ph\u00f2ng, c\u00e1c ph\u1ea7n m\u1ec1m li\u00ean quan \u0111\u1ebfn c\u00f4ng vi\u1ec7c, l\u00e0m vi\u1ec7c \u0111\u1ed9c l\u1eadp.<\/span><\/li>\n<li><span style=\"font-family: inherit; font-weight: normal;\">Nhi\u1ec7t t\u00ecnh, n\u0103ng \u0111\u1ed9ng, \u0111\u1ed9c l\u1eadp, nh\u1ea1y b\u00e9n.<\/span><\/li>\n<li><span style=\"font-family: inherit; font-weight: normal;\">Th\u00fac \u0111\u1ea9y kinh doanh, k\u1ef9 n\u0103ng giao ti\u1ebfp, k\u1ef9 n\u0103ng th\u01b0\u01a1ng l\u01b0\u1ee3ng v\u00e0 gi\u1ea3i quy\u1ebft v\u1ea5n \u0111\u1ec1<\/span><\/li>\n<li><span style=\"font-family: inherit; font-weight: normal;\">Kinh nghi\u1ec7m kinh doanh \u00edt nh\u1ea5t 1 n\u0103m tr\u1edf l\u00ean.<\/span><\/li>\n<\/ol>\n<p><span style=\"font-family: inherit; font-weight: normal;\"> <!-- \/divi:list --> <\/span><\/p>\n<p>[\/et_pb_text][\/et_pb_column][\/et_pb_row][\/et_pb_section]<\/p>\n","protected":false},"excerpt":{"rendered":"<p>[et_pb_section fb_built=&#8221;1&#8243; _builder_version=&#8221;3.22&#8243;][et_pb_row _builder_version=&#8221;4.4.7&#8243; background_size=&#8221;initial&#8221; background_position=&#8221;top_left&#8221; background_repeat=&#8221;repeat&#8221;][et_pb_column type=&#8221;4_4&#8243; _builder_version=&#8221;3.25&#8243; custom_padding=&#8221;|||&#8221; custom_padding__hover=&#8221;|||&#8221;][et_pb_image src=&#8221;http:\/\/anhminhgifts.vn\/wp-content\/uploads\/2020\/06\/WE-ARE-HIRING-1.png&#8221; title_text=&#8221;WE ARE HIRING 1&#8243; force_fullwidth=&#8221;on&#8221; _builder_version=&#8221;4.4.7&#8243;][\/et_pb_image][et_pb_text _builder_version=&#8221;4.4.7&#8243; background_size=&#8221;initial&#8221; background_position=&#8221;top_left&#8221; background_repeat=&#8221;repeat&#8221; hover_enabled=&#8221;0&#8243; inline_fonts=&#8221;ABeeZee&#8221;] Ng\u00e0y nay, ch\u00fang ta d\u1ec5 nh\u1eadn th\u1ea5y r\u1eb1ng nh\u1eefng s\u1ea3n ph\u1ea9m qu\u00e0 t\u1eb7ng l\u00e0 c\u01a1 h\u1ed9i \u0111\u1ec3 Kh\u00e1ch h\u00e0ng thi\u1ebft l\u1eadp, duy tr\u00ec v\u00e0 m\u1edf r\u1ed9ng c\u00e1c m\u1ed1i quan h\u1ec7. V\u00ec [&hellip;]<\/p>\n","protected":false},"author":1,"featured_media":0,"parent":0,"menu_order":0,"comment_status":"closed","ping_status":"closed","template":"","meta":{"_et_pb_use_builder":"on","_et_pb_old_content":"<!-- wp:heading {\"level\":5} -->\n<h5>Ng\u00e0y nay, ch\u00fang ta d\u1ec5 nh\u1eadn th\u1ea5y r\u1eb1ng nh\u1eefng s\u1ea3n ph\u1ea9m qu\u00e0 t\u1eb7ng l\u00e0 c\u01a1 h\u1ed9i \u0111\u1ec3 Kh\u00e1ch h\u00e0ng thi\u1ebft l\u1eadp, duy tr\u00ec v\u00e0 m\u1edf r\u1ed9ng c\u00e1c m\u1ed1i quan h\u1ec7. V\u00ec v\u1eady, v\u1edbi m\u1ed9t m\u00f3n qu\u00e0 k\u1ec9 ni\u1ec7m mang \u0111\u1eadm d\u1ea5u \u1ea5n ri\u00eang th\u00ec \u0111\u00f3 ch\u00ednh l\u00e0 h\u00ecnh th\u1ee9c truy\u1ec1n b\u00e1, qu\u1ea3ng c\u00e1o h\u00ecnh \u1ea3nh t\u1ed1t &amp; hi\u1ec7u qu\u1ea3 nh\u1ea5t \u0111\u1ebfn v\u1edbi kh\u00e1ch h\u00e0ng, \u0111\u1ed1i t\u00e1c.<br><strong>C\u00f4ng ty Qu\u00e0 t\u1eb7ng \u00c1nh Minh chuy\u00ean thi\u1ebft k\u1ebf, s\u1ea3n xu\u1ea5t, cung c\u1ea5p c\u00e1c s\u1ea3n ph\u1ea9m Qu\u00e0 t\u1eb7ng qu\u1ea3ng c\u00e1o, qu\u00e0 t\u1eb7ng giao l\u01b0u, \u0111\u1ed1i ngo\u1ea1i, Qu\u00e0 t\u1eb7ng khuy\u1ebfn m\u00e3i\u2026<\/strong><\/h5>\n<!-- \/wp:heading -->\n\n<!-- wp:paragraph -->\n<p>Do nhu c\u1ea7u m\u1edf r\u1ed9ng v\u00e0 ph\u00e1t tri\u1ec3n c\u00f4ng ty, Qu\u00e0 t\u1eb7ng V\u0103n H\u00f3a Vi\u1ec7t c\u1ea7n tuy\u1ec3n d\u1ee5ng v\u1ecb tr\u00ed nh\u01b0 sau:<br>V\u1ecb tr\u00ed:\u00a0Nh\u00e2n Vi\u00ean Kinh Doanh<br>S\u1ed1 l\u01b0\u1ee3ng: 4 ng\u01b0\u1eddi.<\/p>\n<!-- \/wp:paragraph -->\n\n<!-- wp:heading {\"level\":4} -->\n<h4>M\u00d4 T\u1ea2 C\u00d4NG VI\u1ec6C<\/h4>\n<!-- \/wp:heading -->\n\n<!-- wp:list {\"ordered\":true} -->\n<ol><li>B\u00e1o gi\u00e1 s\u1ea3n ph\u1ea9m qu\u00e0 t\u1eb7ng cho Kinh Doanh.<\/li><li>Thu th\u1eadp th\u00f4ng tin v\u1ec1 xu h\u01b0\u1edbng gi\u00e1 c\u1ea3, ch\u1ea5t l\u01b0\u1ee3ng, m\u1eabu m\u00e3 s\u1ea3n ph\u1ea9m, so s\u00e1nh nh\u00e0 cung c\u1ea5p \u0111\u1ec1 xu\u1ea5t ph\u01b0\u01a1ng \u00e1n hi\u1ec7u qu\u1ea3.<\/li><li>\u0110\u1eb7t h\u00e0ng, v\u00e0 theo d\u00f5i \u0111\u01a1n h\u00e0ng giao \u0111\u00fang y\u00eau c\u1ea7u v\u1ec1 th\u1eddi gian, s\u1ed1 l\u01b0\u1ee3ng c\u0169ng nh\u01b0 ch\u1ea5t l\u01b0\u1ee3ng h\u00e0ng h\u00f3a.<\/li><li>X\u1eed l\u00fd t\u1ed1t c\u00e1c v\u1ea5n \u0111\u1ec1 x\u1ea3y ra v\u1edbi \u0111\u01a1n h\u00e0ng.<\/li><li>Thu th\u1eadp h\u00f3a \u0111\u01a1n, ch\u1ee9ng t\u1eeb (bi\u00ean b\u1ea3n b\u00e0n giao, nh\u1eadp kho, ch\u1ee9ng ch\u1ec9 xu\u1ea5t x\u1ee9, ch\u1ea5t l\u01b0\u1ee3ng, b\u1ea3o h\u00e0nh\u2026) c\u1ee7a c\u00e1c lo\u1ea1i v\u1eadt t\u01b0, thi\u1ebft b\u1ecb \u0111\u01b0\u1ee3c duy\u1ec7t mua.<\/li><li>Theo d\u00f5i v\u00e0 l\u1eadp \u0111\u1ec1 xu\u1ea5t thanh to\u00e1n c\u00e1c lo\u1ea1i v\u1eadt t\u01b0, thi\u1ebft b\u1ecb \u0111\u00e3 duy\u1ec7t mua, \u0111\u1ea3m b\u1ea3o thanh to\u00e1n \u0111\u00fang h\u1ea1n cho nh\u00e0 cung c\u1ea5p.<\/li><li>Th\u1ef1c hi\u1ec7n c\u00e1c b\u00e1o c\u00e1o theo y\u00eau c\u1ea7u t\u1eeb c\u1ea5p tr\u00ean.<\/li><li>C\u00e1c c\u00f4ng vi\u1ec7c li\u00ean quan kh\u00e1c.<\/li><\/ol>\n<!-- \/wp:list -->\n\n<!-- wp:heading {\"level\":4} -->\n<h4>QUY\u1ec0N L\u1ee2I \u0110\u01af\u1ee2C H\u01af\u1edeNG<\/h4>\n<!-- \/wp:heading -->\n\n<!-- wp:paragraph -->\n<p>\u2013 \u0110\u01b0\u1ee3c \u0111\u00e0o t\u1ea1o c\u00e1c k\u1ef9 n\u0103ng v\u00e0 ki\u1ebfn th\u1ee9c chuy\u00ean m\u00f4n v\u1ec1 s\u1ea3n ph\u1ea9m.<br>\u2013 L\u01b0\u01a1ng th\u1ecfa thu\u1eadn.<br>\u2013 \u0110\u01b0\u1ee3c th\u01b0\u1edfng theo doanh s\u1ed1.<br>\u2013 \u0110\u01b0\u1ee3c k\u00fd h\u1ee3p \u0111\u1ed3ng lao \u0111\u1ed9ng, \u0111\u00f3ng BHXH \u2013 BHYT \u2013 BHTN \u0111\u1ea7y \u0111\u1ee7 theo quy \u0111\u1ecbnh c\u1ee7a nh\u00e0 n\u01b0\u1edbc.<br>\u2013 C\u00e1c ch\u1ebf \u0111\u1ed9 \u0111\u00e3i ng\u1ed9 h\u1ea5p d\u1eabn kh\u00e1c, nhi\u1ec1u c\u01a1 h\u1ed9i th\u0103ng ti\u1ebfn.<\/p>\n<!-- \/wp:paragraph -->\n\n<!-- wp:heading {\"level\":4} -->\n<h4>Y\u00caU C\u1ea6U C\u00d4NG VI\u1ec6C<\/h4>\n<!-- \/wp:heading -->\n\n<!-- wp:paragraph -->\n<p>\u2013 T\u1ed1t nghi\u1ec7p Cao \u0111\u1eb3ng tr\u1edf l\u00ean; chuy\u00ean ng\u00e0nh Kinh t\u1ebf, Qu\u1ea3n tr\u1ecb kinh doanh, T\u00e0i ch\u00ednh Ng\u00e2n h\u00e0ng, Marketing.<br>\u2013 Th\u00e0nh th\u1ea1o vi t\u00ednh.<br>\u2013 C\u00f3 c\u00e1c k\u1ef9 n\u0103ng: giao ti\u1ebfp t\u1ed1t; l\u00e0m vi\u1ec7c nh\u00f3m; \u0111\u00e0m ph\u00e1n.<br>\u2013 C\u00f3 kinh nghi\u1ec7m trong l\u0129nh v\u1ef1c t\u00ecm h\u00e0ng theo y\u00eau c\u1ea7u c\u00f4ng ty.<br>\u2013 \u01afu ti\u00ean \u1ee9ng vi\u00ean: C\u00f3 kinh nghi\u1ec7m kinh doanh s\u1ea3n ph\u1ea9m, d\u1ecbch v\u1ee5 trong l\u0129nh v\u1ef1c Qu\u00e0 t\u1eb7ng in logo c\u00f4ng ty&nbsp;t\u1eeb 1 n\u0103m tr\u1edf l\u00ean; C\u00f3 kinh nghi\u1ec7m t\u1ed5 ch\u1ee9c, \u0111i\u1ec1u h\u00e0nh qu\u1ea3n l\u00fd h\u1ec7 th\u1ed1ng k\u00eanh ph\u00e2n ph\u1ed1i .<\/p>\n<!-- \/wp:paragraph -->\n\n<!-- wp:heading {\"level\":4} -->\n<h4>Y\u00caU C\u1ea6U H\u1ed2 S\u01a0<\/h4>\n<!-- \/wp:heading -->\n\n<!-- wp:paragraph -->\n<p>\u2013 \u0110\u01a1n xin vi\u1ec7c \u2013 S\u01a1 y\u1ebfu l\u00ed l\u1ecbch.<br>\u2013 CV t\u00f3m t\u1eaft qu\u00e1 tr\u00ecnh h\u1ecdc t\u1eadp v\u00e0 l\u00e0m vi\u1ec7c.<br>\u2013 C\u00e1c b\u1eb1ng c\u1ea5p ch\u1ee9ng ch\u1ec9 c\u00f3 li\u00ean quan.<br>\u2013 Gi\u1ea5y ch\u1ee9ng minh th\u01b0 nh\u00e2n d\u00e2n.<br>\u2013 Gi\u1ea5y kh\u00e1m s\u1ee9c kho\u1ebb.<\/p>\n<!-- \/wp:paragraph -->\n\n<!-- wp:paragraph -->\n<p><strong><em>H\u00ecnh th\u1ee9c, \u0111\u1ecba \u0111i\u1ec3m n\u1ed9p h\u1ed3 s\u01a1:<\/em><\/strong><br>a. H\u00ecnh th\u1ee9c: n\u1ed9p tr\u1ef1c ti\u1ebfp ho\u1eb7c qua emai, \u0111i\u1ec7n tho\u1ea1i.<br>b. Th\u00f4ng tin li\u00ean h\u1ec7:\u2013 \u0110\u1ecba ch\u1ec9: 448\/9 Ph\u1ea1m V\u0103n Chi\u00eau, Ph\u01b0\u1eddng 9, Qu\u1eadn G\u00f2 V\u1ea5pHo Chi Minh City, Vietnam<br>\u2013 S\u1ed1 \u0110T, ng\u01b0\u1eddi li\u00ean h\u1ec7: Ms \u00c1nh Tuy\u1ebft, \u202d0908288040\u202c<br>\u2013 Email: anhminhgifts@gmail.com<\/p>\n<!-- \/wp:paragraph -->\n\n<!-- wp:heading {\"level\":4} -->\n<h4>H\u1ea0N N\u1ed8P H\u1ed2 S\u01a0<\/h4>\n<!-- \/wp:heading -->\n\n<!-- wp:paragraph -->\n<p>30-7-2020<\/p>\n<!-- \/wp:paragraph -->\n\n<!-- wp:paragraph -->\n<p><strong>I\/ Th\u00f4ng tin chung:<\/strong><\/p>\n<!-- \/wp:paragraph -->\n\n<!-- wp:table -->\n<figure class=\"wp-block-table\"><table><tbody><tr><td><strong>V\u1ecb tr\u00ed<\/strong><\/td><td>NV Kinh Doanh<\/td><td><strong>TG l\u00e0m vi\u1ec7c<\/strong><\/td><td>Gi\u1edd H\u00e0nh Ch\u00e1nh, tr\u01b0a th\u1ee9 7 ngh\u1ec9<\/td><\/tr><tr><td><strong>B\u1ed9 ph\u1eadn<\/strong><\/td><td>Kinh Doanh<\/td><td><strong>Ch\u1ebf \u0111\u1ed9:<\/strong><\/td><td>M\u1ee9c l\u01b0\u01a1ng: L\u01b0\u01a1ng th\u1ecfa thu\u1eadn + Hoa h\u1ed3ng cao<\/td><\/tr><tr><td><strong>Qu\u1ea3n l\u00fd tr\u1ef1c ti\u1ebfp<\/strong><\/td><td>Gi\u00e1m \u0110\u1ed1c<\/td><td><strong>\u0110\u1ea1i ng\u1ed9 lao \u0111\u1ed9ng:<\/strong><\/td><td>\u0110\u00f3ng BHXH, BHYT, BHTN, du l\u1ecbch 1 n\u0103m 1 l\u1ea7n, 12 ng\u00e0y ph\u00e9p, L\u1ec5 T\u1ebft theo lu\u1eadt lao \u0111\u1ed9ng<\/td><\/tr><\/tbody><\/table><\/figure>\n<!-- \/wp:table -->\n\n<!-- wp:paragraph -->\n<p><strong>II\/ M\u1ee5c \u0111\u00edch c\u00f4ng vi\u1ec7c<\/strong><\/p>\n<!-- \/wp:paragraph -->\n\n<!-- wp:table -->\n<figure class=\"wp-block-table\"><table><tbody><tr><td>Tr\u1ef1c ti\u1ebfp th\u1ef1c hi\u1ec7n ho\u1ea1t \u0111\u1ed9ng kinh doanh cho c\u00f4ng ty:<br>Ch\u0103m s\u00f3c KH c\u0169<br>T\u00ecm ki\u1ebfm KH m\u1edbi<br>Th\u1ef1c hi\u1ec7n c\u00e1c c\u00f4ng vi\u1ec7c xuy\u00ean su\u1ed1t qu\u00e1 tr\u00ecnh kinh doanh<br>T\u00ecm ki\u1ebfm s\u1ea3n ph\u1ea9m \u0111\u00e1p \u1ee9ng \u0111\u01b0\u1ee3c y\u00eau c\u1ea7u c\u1ee7a c\u00f4ng ty, li\u00ean h\u1ec7 b\u00e1o gi\u00e1 , t\u01b0 v\u1ea5n s\u1ea3n ph\u1ea9m ph\u00f9 h\u1ee3p, ch\u1ed1t gi\u00e1, k\u00fd h\u1ee3p \u0111\u1ed3ng, ,theo d\u00f5i \u0111\u01a1n h\u00e0ng\u2026<br>Ho\u00e0n th\u00e0nh c\u00f4ng vi\u1ec7c.<\/td><\/tr><\/tbody><\/table><\/figure>\n<!-- \/wp:table -->\n\n<!-- wp:paragraph -->\n<p><strong><u>III<\/u>\/&nbsp;<em>Ti\u00eau chu\u1ea9n<\/em>:<\/strong><\/p>\n<!-- \/wp:paragraph -->\n\n<!-- wp:list {\"ordered\":true} -->\n<ol><li>Tr\u00ecnh \u0111\u1ed9 Cao \u0111\u1eb3ng tr\u1edf l\u00ean chuy\u00ean ng\u00e0nh Qu\u1ea3n tr\u1ecb kinh doanh, Kinh t\u1ebf th\u01b0\u01a1ng m\u1ea1i, Marketing.<\/li><li>S\u1eed d\u1ee5ng th\u00e0nh th\u1ea1o vi t\u00ednh v\u0103n ph\u00f2ng, c\u00e1c ph\u1ea7n m\u1ec1m li\u00ean quan \u0111\u1ebfn c\u00f4ng vi\u1ec7c, l\u00e0m vi\u1ec7c \u0111\u1ed9c l\u1eadp.<\/li><li>Nhi\u1ec7t t\u00ecnh, n\u0103ng \u0111\u1ed9ng, \u0111\u1ed9c l\u1eadp, nh\u1ea1y b\u00e9n.<\/li><li>Th\u00fac \u0111\u1ea9y kinh doanh, k\u1ef9 n\u0103ng giao ti\u1ebfp, k\u1ef9 n\u0103ng th\u01b0\u01a1ng l\u01b0\u1ee3ng v\u00e0 gi\u1ea3i quy\u1ebft v\u1ea5n \u0111\u1ec1<\/li><li>Kinh nghi\u1ec7m kinh doanh \u00edt nh\u1ea5t 1 n\u0103m tr\u1edf l\u00ean.<\/li><\/ol>\n<!-- \/wp:list -->","_et_gb_content_width":""},"_links":{"self":[{"href":"https:\/\/anhminhgifts.vn\/index.php?rest_route=\/wp\/v2\/pages\/61"}],"collection":[{"href":"https:\/\/anhminhgifts.vn\/index.php?rest_route=\/wp\/v2\/pages"}],"about":[{"href":"https:\/\/anhminhgifts.vn\/index.php?rest_route=\/wp\/v2\/types\/page"}],"author":[{"embeddable":true,"href":"https:\/\/anhminhgifts.vn\/index.php?rest_route=\/wp\/v2\/users\/1"}],"replies":[{"embeddable":true,"href":"https:\/\/anhminhgifts.vn\/index.php?rest_route=%2Fwp%2Fv2%2Fcomments&post=61"}],"version-history":[{"count":7,"href":"https:\/\/anhminhgifts.vn\/index.php?rest_route=\/wp\/v2\/pages\/61\/revisions"}],"predecessor-version":[{"id":241,"href":"https:\/\/anhminhgifts.vn\/index.php?rest_route=\/wp\/v2\/pages\/61\/revisions\/241"}],"wp:attachment":[{"href":"https:\/\/anhminhgifts.vn\/index.php?rest_route=%2Fwp%2Fv2%2Fmedia&parent=61"}],"curies":[{"name":"wp","href":"https:\/\/api.w.org\/{rel}","templated":true}]}}