{"id":343,"date":"2020-06-16T15:28:00","date_gmt":"2020-06-16T08:28:00","guid":{"rendered":"http:\/\/anhminhgifts.vn\/?post_type=product&#038;p=343"},"modified":"2023-06-12T13:17:25","modified_gmt":"2023-06-12T06:17:25","slug":"tui-cham-soc-xe-tcsx01","status":"publish","type":"product","link":"https:\/\/anhminhgifts.vn\/?product=tui-cham-soc-xe-tcsx01","title":{"rendered":"T\u00fai Ch\u0103m S\u00f3c Xe TCSX01"},"content":{"rendered":"","protected":false},"excerpt":{"rendered":"","protected":false},"featured_media":312,"template":"","meta":{"_et_pb_use_builder":"","_et_pb_old_content":"","_et_gb_content_width":""},"_links":{"self":[{"href":"https:\/\/anhminhgifts.vn\/index.php?rest_route=\/wp\/v2\/product\/343"}],"collection":[{"href":"https:\/\/anhminhgifts.vn\/index.php?rest_route=\/wp\/v2\/product"}],"about":[{"href":"https:\/\/anhminhgifts.vn\/index.php?rest_route=\/wp\/v2\/types\/product"}],"wp:featuredmedia":[{"embeddable":true,"href":"https:\/\/anhminhgifts.vn\/index.php?rest_route=\/wp\/v2\/media\/312"}],"wp:attachment":[{"href":"https:\/\/anhminhgifts.vn\/index.php?rest_route=%2Fwp%2Fv2%2Fmedia&parent=343"}],"curies":[{"name":"wp","href":"https:\/\/api.w.org\/{rel}","templated":true}]}}